{"id":7,"date":"2013-05-07T09:26:58","date_gmt":"2013-05-07T09:26:58","guid":{"rendered":"http:\/\/nordlys-aps.stom.dk\/?page_id=7"},"modified":"2022-01-31T12:19:57","modified_gmt":"2022-01-31T12:19:57","slug":"historie","status":"publish","type":"page","link":"http:\/\/nordlys-aps.dk\/?page_id=7","title":{"rendered":"Historie"},"content":{"rendered":"<p><img decoding=\"async\" loading=\"lazy\" class=\"alignright size-full wp-image-25\" title=\"historie\" src=\"http:\/\/nordlys-aps.dk\/wp-content\/uploads\/2013\/05\/historie.png\" alt=\"\" width=\"250\" height=\"168\" \/>Fyrv\u00e6rkerifabrikken blev grundlagt af fyrv\u00e6rker Christen Olsen. Han blev f\u00f8dt i Horslunde p\u00e5 Lolland i 1891. Som 19-\u00e5rig fik han en bog af sin bror, skrevet af ritmester og kunstfyrv\u00e6rker C. Hoegh Guldberg (Tivolis f\u00f8rste fyrv\u00e6rker), med titlen &#8220;Uundv\u00e6rlig h\u00e5ndbog for enhver&#8221; med nyttige anvisninger for kunstnere og h\u00e5ndv\u00e6rkere blandt andet et afsnit om fyrv\u00e6rkerifabrikation. Emnet blev hans store interesse, og han anskaffede sig flere tyske og engelske fyrv\u00e6rkerib\u00f8ger. Som 21 \u00e5rig fremstillede han sit f\u00f8rste festfyrv\u00e6rkeri, der blev afbr\u00e6ndt ved den gamle Onsevig Kro i 1912. De f\u00f8rste tr\u00e6huse Christen Olsen benyttede til sine eksperimenter blev opf\u00f8rt i N\u00f8bbet og i 1927 byggede han 4 tr\u00e6huse ved Lindet skov ( billede \u00f8verst p\u00e5 siden ).Der kunne nu i perioder besk\u00e6ftiges op til 6 mand med produktion af fyrv\u00e6rkeri, da der blev afholdt mange sommerfester p\u00e5 Lolland Falster, som afsluttede med fyrv\u00e6rkeri.<\/p>\n<p>I 1933 flyttede han til Ravnsby bakker, hvor han k\u00f8bte Ravnsborg sommerrestaurant, der blev omdannet til fyrv\u00e6rkerifabrik. I et halvt \u00e5rhundrede var Christen Olsen leverand\u00f8r af stort set alt fyrv\u00e6rkeri p\u00e5 Lolland-Falster, samtidig fremstilledes der tillige en del nyt\u00e5rsfyrv\u00e6rkeri til grossister.<\/p>\n<p><img decoding=\"async\" loading=\"lazy\" class=\"alignright size-full wp-image-27\" title=\"fabrikken\" src=\"http:\/\/nordlys-aps.dk\/wp-content\/uploads\/2013\/05\/fabrikken.png\" alt=\"\" width=\"250\" height=\"168\" \/>Hans s\u00f8n Ole Christen Olsen arbejdede fra 1975-1979 p\u00e5 Tivolis fyrv\u00e6rkerifabrik i Tune ved Roskilde. Efter at virksomheden havde ligget stille i en \u00e5rr\u00e6kke, blev der i 1990 opf\u00f8rt en ny fabrik n\u00e6r Pederstrup Gods i et samarbejde mellem Ole Olsen og Lars Hoffmann Barfod fra Tivolis fyrv\u00e6rkerifabrik.<\/p>\n","protected":false},"excerpt":{"rendered":"<p>Fyrv\u00e6rkerifabrikken blev grundlagt af fyrv\u00e6rker Christen Olsen. Han blev f\u00f8dt i Horslunde p\u00e5 Lolland i 1891. Som 19-\u00e5rig fik han en bog af sin bror, skrevet af ritmester og kunstfyrv\u00e6rker [&hellip;]<\/p>\n","protected":false},"author":1,"featured_media":0,"parent":0,"menu_order":0,"comment_status":"open","ping_status":"open","template":"","meta":[],"_links":{"self":[{"href":"http:\/\/nordlys-aps.dk\/index.php?rest_route=\/wp\/v2\/pages\/7"}],"collection":[{"href":"http:\/\/nordlys-aps.dk\/index.php?rest_route=\/wp\/v2\/pages"}],"about":[{"href":"http:\/\/nordlys-aps.dk\/index.php?rest_route=\/wp\/v2\/types\/page"}],"author":[{"embeddable":true,"href":"http:\/\/nordlys-aps.dk\/index.php?rest_route=\/wp\/v2\/users\/1"}],"replies":[{"embeddable":true,"href":"http:\/\/nordlys-aps.dk\/index.php?rest_route=%2Fwp%2Fv2%2Fcomments&post=7"}],"version-history":[{"count":6,"href":"http:\/\/nordlys-aps.dk\/index.php?rest_route=\/wp\/v2\/pages\/7\/revisions"}],"predecessor-version":[{"id":30,"href":"http:\/\/nordlys-aps.dk\/index.php?rest_route=\/wp\/v2\/pages\/7\/revisions\/30"}],"wp:attachment":[{"href":"http:\/\/nordlys-aps.dk\/index.php?rest_route=%2Fwp%2Fv2%2Fmedia&parent=7"}],"curies":[{"name":"wp","href":"https:\/\/api.w.org\/{rel}","templated":true}]}}