{"id":11,"date":"2013-05-07T09:27:54","date_gmt":"2013-05-07T09:27:54","guid":{"rendered":"http:\/\/nordlys-aps.stom.dk\/?page_id=11"},"modified":"2015-01-20T12:29:18","modified_gmt":"2015-01-20T12:29:18","slug":"scenefyrvaerkeri","status":"publish","type":"page","link":"http:\/\/nordlys-aps.dk\/?page_id=11","title":{"rendered":"Scenefyrv\u00e6rkeri"},"content":{"rendered":"<table border=\"0\">\n<tbody>\n<tr>\n<td colspan=\"2\"><strong>Effekter til scenebrug<br \/>\nPriser 2015 excl. moms<\/strong><\/td>\n<\/tr>\n<tr>\n<td>S\u00f8lvfont\u00e6ne lille med elt\u00e6nding 2 meter str\u00e5leh\u00f8jde<\/td>\n<td>25,00 kr.<\/td>\n<\/tr>\n<tr>\n<td>S\u00f8lvfont\u00e6ne stor med elt\u00e6nding 5 meters str\u00e5leh\u00f8jde<\/td>\n<td>40,00 kr.<\/td>\n<\/tr>\n<tr>\n<td>Jetfont\u00e6ne ( 1 sek) str\u00e5leh\u00f8jde 5 meter<\/td>\n<td>27,00 kr.<\/td>\n<\/tr>\n<tr>\n<td>R\u00f8d bengalsk flamme pr kg<\/td>\n<td>110,00 kr.<\/td>\n<\/tr>\n<tr>\n<td>Gr\u00f8n bengalsk flamme pr kg<\/td>\n<td>80,00 kr.<\/td>\n<\/tr>\n<tr>\n<td>Elt\u00e6ndsatser til bengalsk flamme<\/td>\n<td>15,00kr.<\/td>\n<\/tr>\n<tr>\n<td>Hvid r\u00f8g stor med elt\u00e6nder<\/td>\n<td>25,00 kr.<\/td>\n<\/tr>\n<tr>\n<td>Miniknald med elt\u00e6nder<\/td>\n<td>16,00 kr.<\/td>\n<\/tr>\n<tr>\n<td><\/td>\n<td><\/td>\n<\/tr>\n<tr>\n<td><\/td>\n<td><\/td>\n<\/tr>\n<tr>\n<td>Atomsky lille med elt\u00e6nder<\/td>\n<td>30,00 kr.<\/td>\n<\/tr>\n<tr>\n<td>Atomsky stor med elt\u00e6nder<\/td>\n<td>38,00 kr.<\/td>\n<\/tr>\n<tr>\n<td>Hvid flash med elt\u00e6nder<\/td>\n<td>20,00kr.<\/td>\n<\/tr>\n<\/tbody>\n<\/table>\n<p><\/p>\n","protected":false},"excerpt":{"rendered":"<p>Effekter til scenebrug Priser 2015 excl. moms S\u00f8lvfont\u00e6ne lille med elt\u00e6nding 2 meter str\u00e5leh\u00f8jde 25,00 kr. S\u00f8lvfont\u00e6ne stor med elt\u00e6nding 5 meters str\u00e5leh\u00f8jde 40,00 kr. Jetfont\u00e6ne ( 1 sek) str\u00e5leh\u00f8jde [&hellip;]<\/p>\n","protected":false},"author":1,"featured_media":0,"parent":0,"menu_order":0,"comment_status":"open","ping_status":"open","template":"","meta":[],"_links":{"self":[{"href":"http:\/\/nordlys-aps.dk\/index.php?rest_route=\/wp\/v2\/pages\/11"}],"collection":[{"href":"http:\/\/nordlys-aps.dk\/index.php?rest_route=\/wp\/v2\/pages"}],"about":[{"href":"http:\/\/nordlys-aps.dk\/index.php?rest_route=\/wp\/v2\/types\/page"}],"author":[{"embeddable":true,"href":"http:\/\/nordlys-aps.dk\/index.php?rest_route=\/wp\/v2\/users\/1"}],"replies":[{"embeddable":true,"href":"http:\/\/nordlys-aps.dk\/index.php?rest_route=%2Fwp%2Fv2%2Fcomments&post=11"}],"version-history":[{"count":6,"href":"http:\/\/nordlys-aps.dk\/index.php?rest_route=\/wp\/v2\/pages\/11\/revisions"}],"predecessor-version":[{"id":70,"href":"http:\/\/nordlys-aps.dk\/index.php?rest_route=\/wp\/v2\/pages\/11\/revisions\/70"}],"wp:attachment":[{"href":"http:\/\/nordlys-aps.dk\/index.php?rest_route=%2Fwp%2Fv2%2Fmedia&parent=11"}],"curies":[{"name":"wp","href":"https:\/\/api.w.org\/{rel}","templated":true}]}}